{"id":127,"date":"2021-04-05T17:41:03","date_gmt":"2021-04-05T17:41:03","guid":{"rendered":"https:\/\/stockx.de\/?page_id=127"},"modified":"2026-02-19T16:38:48","modified_gmt":"2026-02-19T16:38:48","slug":"unseren-kunden","status":"publish","type":"page","link":"https:\/\/www.stockx-elektro.de\/index.php\/unseren-kunden\/","title":{"rendered":"Unseren Kunden"},"content":{"rendered":"<div id=\"pl-127\"  class=\"panel-layout\" ><div id=\"pg-127-0\"  class=\"panel-grid panel-no-style\" ><div id=\"pgc-127-0-0\"  class=\"panel-grid-cell\" ><div id=\"panel-127-0-0-0\" class=\"so-panel widget widget_sow-editor panel-first-child panel-last-child\" data-index=\"0\" ><div\n\t\t\t\n\t\t\tclass=\"so-widget-sow-editor so-widget-sow-editor-base\"\n\t\t\t\n\t\t>\n<div class=\"siteorigin-widget-tinymce textwidget\">\n\t<p><strong>Wir bieten unsere Leistungen sowohl f\u00fcr Privat-, als auch f\u00fcr Gewerbekunden an!<\/strong><\/p>\n<\/div>\n<\/div><\/div><\/div><\/div><div id=\"pg-127-1\"  class=\"panel-grid panel-no-style\" ><div id=\"pgc-127-1-0\"  class=\"panel-grid-cell\" ><div id=\"panel-127-1-0-0\" class=\"so-panel widget widget_sow-editor panel-first-child panel-last-child\" data-index=\"1\" ><div\n\t\t\t\n\t\t\tclass=\"so-widget-sow-editor so-widget-sow-editor-base\"\n\t\t\t\n\t\t>\n<div class=\"siteorigin-widget-tinymce textwidget\">\n\t<p><strong>Gewerbliche Kunden<\/strong><\/p>\n<p>Hier ein kleiner Auszug aus unserer Kundenliste:<\/p>\n<ul>\n<li><strong>Haus &amp; Grund<\/strong> Immobilien GmbH<\/li>\n<li>A-Z Hausverwaltung <strong>Helga We\u00dfelmann e.K<\/strong>.<\/li>\n<li>Hausverwaltung <strong>Dahlb\u00fcdding<\/strong><\/li>\n<li>Hausverwaltung <strong>Seier<\/strong><\/li>\n<li>Hausverwaltung <strong>St\u00fcwe<\/strong><\/li>\n<\/ul>\n<p>Durch Qualit\u00e4t, Zuverl\u00e4ssigkeit, P\u00fcnktlichkeit und ein ehrliches Preis-Leistungs-Verh\u00e4ltnis erweitert sich unsere Kundenliste stetig. <strong>Suchen auch Sie einen kompetenten Partner f\u00fcr die Elektroinstallationen in Ihrem Immobilienbestand?<\/strong> Dann nehmen Sie gerne <a href=\"https:\/\/stockx-elektro.de\/index.php\/kontakt\/\" target=\"_blank\" rel=\"noopener\">Kontakt<\/a> mit uns auf!<\/p>\n<\/div>\n<\/div><\/div><\/div><div id=\"pgc-127-1-1\"  class=\"panel-grid-cell panel-grid-cell-empty\" ><\/div><div id=\"pgc-127-1-2\"  class=\"panel-grid-cell\" ><div id=\"panel-127-1-2-0\" class=\"so-panel widget widget_sow-editor panel-first-child panel-last-child\" data-index=\"2\" ><div\n\t\t\t\n\t\t\tclass=\"so-widget-sow-editor so-widget-sow-editor-base\"\n\t\t\t\n\t\t>\n<div class=\"siteorigin-widget-tinymce textwidget\">\n\t<p><strong>Privatkunden<\/strong><\/p>\n<p>Ob Elektrokomplettinstallation beim Hausbau, eine Modernisierung oder \"eine Kleinigkeit\" - Wir sind gerne f\u00fcr Sie da!<\/p>\n<ul>\n<li>Wir l\u00f6sen auch Ihre kleinen Elektroprobleme. Und wenn es \"nur\" eine Sicherung oder ein Leuchtmittel ist.<\/li>\n<li>Scheuen Sie nicht, mit uns in Kontakt zu treten, wir k\u00fcmmern uns gerne um Ihr Problem.<\/li>\n<\/ul>\n<p><strong>Sie ben\u00f6tigen Unterst\u00fctzung bei einer Elektroinstallation?<\/strong><\/p>\n<p><strong> Dann nehmen Sie gerne <a href=\"https:\/\/stockx-elektro.de\/index.php\/kontakt\/\" target=\"_blank\" rel=\"noopener\">Kontakt<\/a> mit uns auf!<\/strong><\/p>\n<\/div>\n<\/div><\/div><\/div><\/div><\/div>","protected":false},"excerpt":{"rendered":"<p>Wir bieten unsere Leistungen sowohl f\u00fcr Privat-, als auch f\u00fcr Gewerbekunden an! Gewerbliche Kunden Hier ein kleiner Auszug aus unserer Kundenliste: Haus &amp; Grund Immobilien GmbH A-Z Hausverwaltung Helga We\u00dfelmann e.K. Hausverwaltung Dahlb\u00fcdding Hausverwaltung Seier Hausverwaltung St\u00fcwe Durch Qualit\u00e4t, Zuverl\u00e4ssigkeit, P\u00fcnktlichkeit und ein ehrliches Preis-Leistungs-Verh\u00e4ltnis erweitert sich unsere Kundenliste stetig. Suchen auch Sie einen kompetenten [&hellip;]<\/p>\n","protected":false},"author":3,"featured_media":0,"parent":0,"menu_order":0,"comment_status":"closed","ping_status":"closed","template":"","meta":{"site-sidebar-layout":"default","site-content-layout":"default","ast-site-content-layout":"default","site-content-style":"default","site-sidebar-style":"default","ast-global-header-display":"","ast-banner-title-visibility":"","ast-main-header-display":"","ast-hfb-above-header-display":"","ast-hfb-below-header-display":"","ast-hfb-mobile-header-display":"","site-post-title":"","ast-breadcrumbs-content":"","ast-featured-img":"","footer-sml-layout":"","ast-disable-related-posts":"","theme-transparent-header-meta":"default","adv-header-id-meta":"","stick-header-meta":"","header-above-stick-meta":"","header-main-stick-meta":"","header-below-stick-meta":"","astra-migrate-meta-layouts":"set","ast-page-background-enabled":"default","ast-page-background-meta":{"desktop":{"background-color":"","background-image":"","background-repeat":"repeat","background-position":"center center","background-size":"auto","background-attachment":"scroll","background-type":"","background-media":"","overlay-type":"","overlay-color":"","overlay-opacity":"","overlay-gradient":""},"tablet":{"background-color":"","background-image":"","background-repeat":"repeat","background-position":"center center","background-size":"auto","background-attachment":"scroll","background-type":"","background-media":"","overlay-type":"","overlay-color":"","overlay-opacity":"","overlay-gradient":""},"mobile":{"background-color":"","background-image":"","background-repeat":"repeat","background-position":"center center","background-size":"auto","background-attachment":"scroll","background-type":"","background-media":"","overlay-type":"","overlay-color":"","overlay-opacity":"","overlay-gradient":""}},"ast-content-background-meta":{"desktop":{"background-color":"var(--ast-global-color-5)","background-image":"","background-repeat":"repeat","background-position":"center center","background-size":"auto","background-attachment":"scroll","background-type":"","background-media":"","overlay-type":"","overlay-color":"","overlay-opacity":"","overlay-gradient":""},"tablet":{"background-color":"var(--ast-global-color-5)","background-image":"","background-repeat":"repeat","background-position":"center center","background-size":"auto","background-attachment":"scroll","background-type":"","background-media":"","overlay-type":"","overlay-color":"","overlay-opacity":"","overlay-gradient":""},"mobile":{"background-color":"var(--ast-global-color-5)","background-image":"","background-repeat":"repeat","background-position":"center center","background-size":"auto","background-attachment":"scroll","background-type":"","background-media":"","overlay-type":"","overlay-color":"","overlay-opacity":"","overlay-gradient":""}},"footnotes":""},"class_list":["post-127","page","type-page","status-publish","hentry"],"yoast_head":"<!-- This site is optimized with the Yoast SEO plugin v27.5 - https:\/\/yoast.com\/product\/yoast-seo-wordpress\/ -->\n<title>Unseren Kunden - Andreas Stockx Elektroservice<\/title>\n<meta name=\"robots\" content=\"index, follow, max-snippet:-1, max-image-preview:large, max-video-preview:-1\" \/>\n<link rel=\"canonical\" href=\"https:\/\/www.stockx-elektro.de\/index.php\/unseren-kunden\/\" \/>\n<meta property=\"og:locale\" content=\"de_DE\" \/>\n<meta property=\"og:type\" content=\"article\" \/>\n<meta property=\"og:title\" content=\"Unseren Kunden - Andreas Stockx Elektroservice\" \/>\n<meta property=\"og:description\" content=\"Wir bieten unsere Leistungen sowohl f\u00fcr Privat-, als auch f\u00fcr Gewerbekunden an! Gewerbliche Kunden Hier ein kleiner Auszug aus unserer Kundenliste: Haus &amp; Grund Immobilien GmbH A-Z Hausverwaltung Helga We\u00dfelmann e.K. Hausverwaltung Dahlb\u00fcdding Hausverwaltung Seier Hausverwaltung St\u00fcwe Durch Qualit\u00e4t, Zuverl\u00e4ssigkeit, P\u00fcnktlichkeit und ein ehrliches Preis-Leistungs-Verh\u00e4ltnis erweitert sich unsere Kundenliste stetig. Suchen auch Sie einen kompetenten [&hellip;]\" \/>\n<meta property=\"og:url\" content=\"https:\/\/www.stockx-elektro.de\/index.php\/unseren-kunden\/\" \/>\n<meta property=\"og:site_name\" content=\"Andreas Stockx Elektroservice\" \/>\n<meta property=\"article:modified_time\" content=\"2026-02-19T16:38:48+00:00\" \/>\n<meta name=\"twitter:card\" content=\"summary_large_image\" \/>\n<meta name=\"twitter:label1\" content=\"Gesch\u00e4tzte Lesezeit\" \/>\n\t<meta name=\"twitter:data1\" content=\"1\u00a0Minute\" \/>\n<script type=\"application\/ld+json\" class=\"yoast-schema-graph\">{\"@context\":\"https:\\\/\\\/schema.org\",\"@graph\":[{\"@type\":\"WebPage\",\"@id\":\"https:\\\/\\\/www.stockx-elektro.de\\\/index.php\\\/unseren-kunden\\\/\",\"url\":\"https:\\\/\\\/www.stockx-elektro.de\\\/index.php\\\/unseren-kunden\\\/\",\"name\":\"Unseren Kunden - Andreas Stockx Elektroservice\",\"isPartOf\":{\"@id\":\"https:\\\/\\\/www.stockx-elektro.de\\\/#website\"},\"datePublished\":\"2021-04-05T17:41:03+00:00\",\"dateModified\":\"2026-02-19T16:38:48+00:00\",\"breadcrumb\":{\"@id\":\"https:\\\/\\\/www.stockx-elektro.de\\\/index.php\\\/unseren-kunden\\\/#breadcrumb\"},\"inLanguage\":\"de\",\"potentialAction\":[{\"@type\":\"ReadAction\",\"target\":[\"https:\\\/\\\/www.stockx-elektro.de\\\/index.php\\\/unseren-kunden\\\/\"]}]},{\"@type\":\"BreadcrumbList\",\"@id\":\"https:\\\/\\\/www.stockx-elektro.de\\\/index.php\\\/unseren-kunden\\\/#breadcrumb\",\"itemListElement\":[{\"@type\":\"ListItem\",\"position\":1,\"name\":\"Home\",\"item\":\"https:\\\/\\\/www.stockx-elektro.de\\\/\"},{\"@type\":\"ListItem\",\"position\":2,\"name\":\"Unseren Kunden\"}]},{\"@type\":\"WebSite\",\"@id\":\"https:\\\/\\\/www.stockx-elektro.de\\\/#website\",\"url\":\"https:\\\/\\\/www.stockx-elektro.de\\\/\",\"name\":\"Andreas Stockx Elektroservice\",\"description\":\"Ihr Elektropartner aus Berghofen in Dortmund und Umgebung!\",\"publisher\":{\"@id\":\"https:\\\/\\\/www.stockx-elektro.de\\\/#organization\"},\"potentialAction\":[{\"@type\":\"SearchAction\",\"target\":{\"@type\":\"EntryPoint\",\"urlTemplate\":\"https:\\\/\\\/www.stockx-elektro.de\\\/?s={search_term_string}\"},\"query-input\":{\"@type\":\"PropertyValueSpecification\",\"valueRequired\":true,\"valueName\":\"search_term_string\"}}],\"inLanguage\":\"de\"},{\"@type\":\"Organization\",\"@id\":\"https:\\\/\\\/www.stockx-elektro.de\\\/#organization\",\"name\":\"Andreas Stockx Elektroservice\",\"url\":\"https:\\\/\\\/www.stockx-elektro.de\\\/\",\"logo\":{\"@type\":\"ImageObject\",\"inLanguage\":\"de\",\"@id\":\"https:\\\/\\\/www.stockx-elektro.de\\\/#\\\/schema\\\/logo\\\/image\\\/\",\"url\":\"https:\\\/\\\/www.stockx-elektro.de\\\/wp-content\\\/uploads\\\/2021\\\/02\\\/cropped-Stockx-Logo.jpg\",\"contentUrl\":\"https:\\\/\\\/www.stockx-elektro.de\\\/wp-content\\\/uploads\\\/2021\\\/02\\\/cropped-Stockx-Logo.jpg\",\"width\":1423,\"height\":410,\"caption\":\"Andreas Stockx Elektroservice\"},\"image\":{\"@id\":\"https:\\\/\\\/www.stockx-elektro.de\\\/#\\\/schema\\\/logo\\\/image\\\/\"}}]}<\/script>\n<!-- \/ Yoast SEO plugin. -->","yoast_head_json":{"title":"Unseren Kunden - Andreas Stockx Elektroservice","robots":{"index":"index","follow":"follow","max-snippet":"max-snippet:-1","max-image-preview":"max-image-preview:large","max-video-preview":"max-video-preview:-1"},"canonical":"https:\/\/www.stockx-elektro.de\/index.php\/unseren-kunden\/","og_locale":"de_DE","og_type":"article","og_title":"Unseren Kunden - Andreas Stockx Elektroservice","og_description":"Wir bieten unsere Leistungen sowohl f\u00fcr Privat-, als auch f\u00fcr Gewerbekunden an! Gewerbliche Kunden Hier ein kleiner Auszug aus unserer Kundenliste: Haus &amp; Grund Immobilien GmbH A-Z Hausverwaltung Helga We\u00dfelmann e.K. Hausverwaltung Dahlb\u00fcdding Hausverwaltung Seier Hausverwaltung St\u00fcwe Durch Qualit\u00e4t, Zuverl\u00e4ssigkeit, P\u00fcnktlichkeit und ein ehrliches Preis-Leistungs-Verh\u00e4ltnis erweitert sich unsere Kundenliste stetig. Suchen auch Sie einen kompetenten [&hellip;]","og_url":"https:\/\/www.stockx-elektro.de\/index.php\/unseren-kunden\/","og_site_name":"Andreas Stockx Elektroservice","article_modified_time":"2026-02-19T16:38:48+00:00","twitter_card":"summary_large_image","twitter_misc":{"Gesch\u00e4tzte Lesezeit":"1\u00a0Minute"},"schema":{"@context":"https:\/\/schema.org","@graph":[{"@type":"WebPage","@id":"https:\/\/www.stockx-elektro.de\/index.php\/unseren-kunden\/","url":"https:\/\/www.stockx-elektro.de\/index.php\/unseren-kunden\/","name":"Unseren Kunden - Andreas Stockx Elektroservice","isPartOf":{"@id":"https:\/\/www.stockx-elektro.de\/#website"},"datePublished":"2021-04-05T17:41:03+00:00","dateModified":"2026-02-19T16:38:48+00:00","breadcrumb":{"@id":"https:\/\/www.stockx-elektro.de\/index.php\/unseren-kunden\/#breadcrumb"},"inLanguage":"de","potentialAction":[{"@type":"ReadAction","target":["https:\/\/www.stockx-elektro.de\/index.php\/unseren-kunden\/"]}]},{"@type":"BreadcrumbList","@id":"https:\/\/www.stockx-elektro.de\/index.php\/unseren-kunden\/#breadcrumb","itemListElement":[{"@type":"ListItem","position":1,"name":"Home","item":"https:\/\/www.stockx-elektro.de\/"},{"@type":"ListItem","position":2,"name":"Unseren Kunden"}]},{"@type":"WebSite","@id":"https:\/\/www.stockx-elektro.de\/#website","url":"https:\/\/www.stockx-elektro.de\/","name":"Andreas Stockx Elektroservice","description":"Ihr Elektropartner aus Berghofen in Dortmund und Umgebung!","publisher":{"@id":"https:\/\/www.stockx-elektro.de\/#organization"},"potentialAction":[{"@type":"SearchAction","target":{"@type":"EntryPoint","urlTemplate":"https:\/\/www.stockx-elektro.de\/?s={search_term_string}"},"query-input":{"@type":"PropertyValueSpecification","valueRequired":true,"valueName":"search_term_string"}}],"inLanguage":"de"},{"@type":"Organization","@id":"https:\/\/www.stockx-elektro.de\/#organization","name":"Andreas Stockx Elektroservice","url":"https:\/\/www.stockx-elektro.de\/","logo":{"@type":"ImageObject","inLanguage":"de","@id":"https:\/\/www.stockx-elektro.de\/#\/schema\/logo\/image\/","url":"https:\/\/www.stockx-elektro.de\/wp-content\/uploads\/2021\/02\/cropped-Stockx-Logo.jpg","contentUrl":"https:\/\/www.stockx-elektro.de\/wp-content\/uploads\/2021\/02\/cropped-Stockx-Logo.jpg","width":1423,"height":410,"caption":"Andreas Stockx Elektroservice"},"image":{"@id":"https:\/\/www.stockx-elektro.de\/#\/schema\/logo\/image\/"}}]}},"_links":{"self":[{"href":"https:\/\/www.stockx-elektro.de\/index.php\/wp-json\/wp\/v2\/pages\/127","targetHints":{"allow":["GET"]}}],"collection":[{"href":"https:\/\/www.stockx-elektro.de\/index.php\/wp-json\/wp\/v2\/pages"}],"about":[{"href":"https:\/\/www.stockx-elektro.de\/index.php\/wp-json\/wp\/v2\/types\/page"}],"author":[{"embeddable":true,"href":"https:\/\/www.stockx-elektro.de\/index.php\/wp-json\/wp\/v2\/users\/3"}],"replies":[{"embeddable":true,"href":"https:\/\/www.stockx-elektro.de\/index.php\/wp-json\/wp\/v2\/comments?post=127"}],"version-history":[{"count":5,"href":"https:\/\/www.stockx-elektro.de\/index.php\/wp-json\/wp\/v2\/pages\/127\/revisions"}],"predecessor-version":[{"id":414,"href":"https:\/\/www.stockx-elektro.de\/index.php\/wp-json\/wp\/v2\/pages\/127\/revisions\/414"}],"wp:attachment":[{"href":"https:\/\/www.stockx-elektro.de\/index.php\/wp-json\/wp\/v2\/media?parent=127"}],"curies":[{"name":"wp","href":"https:\/\/api.w.org\/{rel}","templated":true}]}}