{"id":134,"date":"2021-04-05T17:50:21","date_gmt":"2021-04-05T17:50:21","guid":{"rendered":"https:\/\/stockx.de\/?page_id=134"},"modified":"2025-03-02T12:08:22","modified_gmt":"2025-03-02T12:08:22","slug":"unsere-leistungen-2","status":"publish","type":"page","link":"https:\/\/www.stockx-elektro.de\/index.php\/unsere-leistungen-2\/","title":{"rendered":"Unsere Leistungen"},"content":{"rendered":"<div id=\"pl-134\"  class=\"panel-layout\" ><div id=\"pg-134-0\"  class=\"panel-grid panel-no-style\" ><div id=\"pgc-134-0-0\"  class=\"panel-grid-cell\" ><div id=\"panel-134-0-0-0\" class=\"so-panel widget widget_sow-editor panel-first-child panel-last-child\" data-index=\"0\" ><div\n\t\t\t\n\t\t\tclass=\"so-widget-sow-editor so-widget-sow-editor-base\"\n\t\t\t\n\t\t>\n<div class=\"siteorigin-widget-tinymce textwidget\">\n\t<p><strong>Haustechnik:<\/strong><br \/>\n\u25cf Alt- und Neubauinstallationen<br \/>\n\u25cf Z\u00e4hleranlagen<br \/>\n\u25cf Installationen in B\u00fcro- und Gesch\u00e4ftsr\u00e4umen<br \/>\n\u25cf Beleuchtungstechnik<br \/>\n\u25cf Netzwerktechnik<br \/>\n\u25cf Anschluss W\u00e4rmepumpen<br \/>\n\u25cf Wallboxen<br \/>\n\u25cf Videogegensprechanlagen<br \/>\n\u25cf Video\u00fcberwachung<br \/>\n\u25cf Kundendienst<\/p>\n<p><strong>Solartechnik:<\/strong> Alles aus einer Hand<br \/>\n\u25cf Dachmontage<br \/>\n\u25cf DC-Verkabelung<br \/>\n\u25cf AC-Anschlussarbeiten<\/p>\n<p><img loading=\"lazy\" decoding=\"async\" class=\"alignnone wp-image-309\" src=\"https:\/\/www.stockx-elektro.de\/wp-content\/uploads\/2025\/03\/Haustechnik-300x147.jpg\" alt=\"\" width=\"450\" height=\"220\" srcset=\"https:\/\/www.stockx-elektro.de\/wp-content\/uploads\/2025\/03\/Haustechnik-300x147.jpg 300w, https:\/\/www.stockx-elektro.de\/wp-content\/uploads\/2025\/03\/Haustechnik.jpg 446w\" sizes=\"auto, (max-width: 450px) 100vw, 450px\" \/>\u00a0 <img loading=\"lazy\" decoding=\"async\" class=\"alignnone wp-image-310 \" src=\"https:\/\/www.stockx-elektro.de\/wp-content\/uploads\/2025\/03\/Solar-e1740917197706-300x147.jpg\" alt=\"\" width=\"456\" height=\"223\" srcset=\"https:\/\/www.stockx-elektro.de\/wp-content\/uploads\/2025\/03\/Solar-e1740917197706-300x147.jpg 300w, https:\/\/www.stockx-elektro.de\/wp-content\/uploads\/2025\/03\/Solar-e1740917197706.jpg 450w\" sizes=\"auto, (max-width: 456px) 100vw, 456px\" \/><\/p>\n<\/div>\n<\/div><\/div><\/div><\/div><\/div>","protected":false},"excerpt":{"rendered":"<p>Haustechnik: \u25cf Alt- und Neubauinstallationen \u25cf Z\u00e4hleranlagen \u25cf Installationen in B\u00fcro- und Gesch\u00e4ftsr\u00e4umen \u25cf Beleuchtungstechnik \u25cf Netzwerktechnik \u25cf Anschluss W\u00e4rmepumpen \u25cf Wallboxen \u25cf Videogegensprechanlagen \u25cf Video\u00fcberwachung \u25cf Kundendienst Solartechnik: Alles aus einer Hand \u25cf Dachmontage \u25cf DC-Verkabelung \u25cf AC-Anschlussarbeiten \u00a0<\/p>\n","protected":false},"author":3,"featured_media":0,"parent":0,"menu_order":0,"comment_status":"closed","ping_status":"closed","template":"","meta":{"site-sidebar-layout":"default","site-content-layout":"default","ast-site-content-layout":"default","site-content-style":"default","site-sidebar-style":"default","ast-global-header-display":"","ast-banner-title-visibility":"","ast-main-header-display":"","ast-hfb-above-header-display":"","ast-hfb-below-header-display":"","ast-hfb-mobile-header-display":"","site-post-title":"","ast-breadcrumbs-content":"","ast-featured-img":"","footer-sml-layout":"","ast-disable-related-posts":"","theme-transparent-header-meta":"default","adv-header-id-meta":"","stick-header-meta":"","header-above-stick-meta":"","header-main-stick-meta":"","header-below-stick-meta":"","astra-migrate-meta-layouts":"set","ast-page-background-enabled":"default","ast-page-background-meta":{"desktop":{"background-color":"","background-image":"","background-repeat":"repeat","background-position":"center center","background-size":"auto","background-attachment":"scroll","background-type":"","background-media":"","overlay-type":"","overlay-color":"","overlay-opacity":"","overlay-gradient":""},"tablet":{"background-color":"","background-image":"","background-repeat":"repeat","background-position":"center center","background-size":"auto","background-attachment":"scroll","background-type":"","background-media":"","overlay-type":"","overlay-color":"","overlay-opacity":"","overlay-gradient":""},"mobile":{"background-color":"","background-image":"","background-repeat":"repeat","background-position":"center center","background-size":"auto","background-attachment":"scroll","background-type":"","background-media":"","overlay-type":"","overlay-color":"","overlay-opacity":"","overlay-gradient":""}},"ast-content-background-meta":{"desktop":{"background-color":"var(--ast-global-color-5)","background-image":"","background-repeat":"repeat","background-position":"center center","background-size":"auto","background-attachment":"scroll","background-type":"","background-media":"","overlay-type":"","overlay-color":"","overlay-opacity":"","overlay-gradient":""},"tablet":{"background-color":"var(--ast-global-color-5)","background-image":"","background-repeat":"repeat","background-position":"center center","background-size":"auto","background-attachment":"scroll","background-type":"","background-media":"","overlay-type":"","overlay-color":"","overlay-opacity":"","overlay-gradient":""},"mobile":{"background-color":"var(--ast-global-color-5)","background-image":"","background-repeat":"repeat","background-position":"center center","background-size":"auto","background-attachment":"scroll","background-type":"","background-media":"","overlay-type":"","overlay-color":"","overlay-opacity":"","overlay-gradient":""}},"footnotes":""},"class_list":["post-134","page","type-page","status-publish","hentry"],"yoast_head":"<!-- This site is optimized with the Yoast SEO plugin v27.5 - https:\/\/yoast.com\/product\/yoast-seo-wordpress\/ -->\n<title>Unsere Leistungen - Andreas Stockx Elektroservice<\/title>\n<meta name=\"robots\" content=\"index, follow, max-snippet:-1, max-image-preview:large, max-video-preview:-1\" \/>\n<link rel=\"canonical\" href=\"https:\/\/www.stockx-elektro.de\/index.php\/unsere-leistungen-2\/\" \/>\n<meta property=\"og:locale\" content=\"de_DE\" \/>\n<meta property=\"og:type\" content=\"article\" \/>\n<meta property=\"og:title\" content=\"Unsere Leistungen - Andreas Stockx Elektroservice\" \/>\n<meta property=\"og:description\" content=\"Haustechnik: \u25cf Alt- und Neubauinstallationen \u25cf Z\u00e4hleranlagen \u25cf Installationen in B\u00fcro- und Gesch\u00e4ftsr\u00e4umen \u25cf Beleuchtungstechnik \u25cf Netzwerktechnik \u25cf Anschluss W\u00e4rmepumpen \u25cf Wallboxen \u25cf Videogegensprechanlagen \u25cf Video\u00fcberwachung \u25cf Kundendienst Solartechnik: Alles aus einer Hand \u25cf Dachmontage \u25cf DC-Verkabelung \u25cf AC-Anschlussarbeiten \u00a0\" \/>\n<meta property=\"og:url\" content=\"https:\/\/www.stockx-elektro.de\/index.php\/unsere-leistungen-2\/\" \/>\n<meta property=\"og:site_name\" content=\"Andreas Stockx Elektroservice\" \/>\n<meta property=\"article:modified_time\" content=\"2025-03-02T12:08:22+00:00\" \/>\n<meta property=\"og:image\" content=\"https:\/\/www.stockx-elektro.de\/wp-content\/uploads\/2025\/03\/Haustechnik.jpg\" \/>\n\t<meta property=\"og:image:width\" content=\"446\" \/>\n\t<meta property=\"og:image:height\" content=\"218\" \/>\n\t<meta property=\"og:image:type\" content=\"image\/jpeg\" \/>\n<meta name=\"twitter:card\" content=\"summary_large_image\" \/>\n<meta name=\"twitter:label1\" content=\"Gesch\u00e4tzte Lesezeit\" \/>\n\t<meta name=\"twitter:data1\" content=\"1\u00a0Minute\" \/>\n<script type=\"application\/ld+json\" class=\"yoast-schema-graph\">{\"@context\":\"https:\\\/\\\/schema.org\",\"@graph\":[{\"@type\":\"WebPage\",\"@id\":\"https:\\\/\\\/www.stockx-elektro.de\\\/index.php\\\/unsere-leistungen-2\\\/\",\"url\":\"https:\\\/\\\/www.stockx-elektro.de\\\/index.php\\\/unsere-leistungen-2\\\/\",\"name\":\"Unsere Leistungen - Andreas Stockx Elektroservice\",\"isPartOf\":{\"@id\":\"https:\\\/\\\/www.stockx-elektro.de\\\/#website\"},\"primaryImageOfPage\":{\"@id\":\"https:\\\/\\\/www.stockx-elektro.de\\\/index.php\\\/unsere-leistungen-2\\\/#primaryimage\"},\"image\":{\"@id\":\"https:\\\/\\\/www.stockx-elektro.de\\\/index.php\\\/unsere-leistungen-2\\\/#primaryimage\"},\"thumbnailUrl\":\"https:\\\/\\\/www.stockx-elektro.de\\\/wp-content\\\/uploads\\\/2025\\\/03\\\/Haustechnik-300x147.jpg\",\"datePublished\":\"2021-04-05T17:50:21+00:00\",\"dateModified\":\"2025-03-02T12:08:22+00:00\",\"breadcrumb\":{\"@id\":\"https:\\\/\\\/www.stockx-elektro.de\\\/index.php\\\/unsere-leistungen-2\\\/#breadcrumb\"},\"inLanguage\":\"de\",\"potentialAction\":[{\"@type\":\"ReadAction\",\"target\":[\"https:\\\/\\\/www.stockx-elektro.de\\\/index.php\\\/unsere-leistungen-2\\\/\"]}]},{\"@type\":\"ImageObject\",\"inLanguage\":\"de\",\"@id\":\"https:\\\/\\\/www.stockx-elektro.de\\\/index.php\\\/unsere-leistungen-2\\\/#primaryimage\",\"url\":\"https:\\\/\\\/www.stockx-elektro.de\\\/wp-content\\\/uploads\\\/2025\\\/03\\\/Haustechnik.jpg\",\"contentUrl\":\"https:\\\/\\\/www.stockx-elektro.de\\\/wp-content\\\/uploads\\\/2025\\\/03\\\/Haustechnik.jpg\",\"width\":446,\"height\":218},{\"@type\":\"BreadcrumbList\",\"@id\":\"https:\\\/\\\/www.stockx-elektro.de\\\/index.php\\\/unsere-leistungen-2\\\/#breadcrumb\",\"itemListElement\":[{\"@type\":\"ListItem\",\"position\":1,\"name\":\"Home\",\"item\":\"https:\\\/\\\/www.stockx-elektro.de\\\/\"},{\"@type\":\"ListItem\",\"position\":2,\"name\":\"Unsere Leistungen\"}]},{\"@type\":\"WebSite\",\"@id\":\"https:\\\/\\\/www.stockx-elektro.de\\\/#website\",\"url\":\"https:\\\/\\\/www.stockx-elektro.de\\\/\",\"name\":\"Andreas Stockx Elektroservice\",\"description\":\"Ihr Elektropartner aus Berghofen in Dortmund und Umgebung!\",\"publisher\":{\"@id\":\"https:\\\/\\\/www.stockx-elektro.de\\\/#organization\"},\"potentialAction\":[{\"@type\":\"SearchAction\",\"target\":{\"@type\":\"EntryPoint\",\"urlTemplate\":\"https:\\\/\\\/www.stockx-elektro.de\\\/?s={search_term_string}\"},\"query-input\":{\"@type\":\"PropertyValueSpecification\",\"valueRequired\":true,\"valueName\":\"search_term_string\"}}],\"inLanguage\":\"de\"},{\"@type\":\"Organization\",\"@id\":\"https:\\\/\\\/www.stockx-elektro.de\\\/#organization\",\"name\":\"Andreas Stockx Elektroservice\",\"url\":\"https:\\\/\\\/www.stockx-elektro.de\\\/\",\"logo\":{\"@type\":\"ImageObject\",\"inLanguage\":\"de\",\"@id\":\"https:\\\/\\\/www.stockx-elektro.de\\\/#\\\/schema\\\/logo\\\/image\\\/\",\"url\":\"https:\\\/\\\/www.stockx-elektro.de\\\/wp-content\\\/uploads\\\/2021\\\/02\\\/cropped-Stockx-Logo.jpg\",\"contentUrl\":\"https:\\\/\\\/www.stockx-elektro.de\\\/wp-content\\\/uploads\\\/2021\\\/02\\\/cropped-Stockx-Logo.jpg\",\"width\":1423,\"height\":410,\"caption\":\"Andreas Stockx Elektroservice\"},\"image\":{\"@id\":\"https:\\\/\\\/www.stockx-elektro.de\\\/#\\\/schema\\\/logo\\\/image\\\/\"}}]}<\/script>\n<!-- \/ Yoast SEO plugin. -->","yoast_head_json":{"title":"Unsere Leistungen - Andreas Stockx Elektroservice","robots":{"index":"index","follow":"follow","max-snippet":"max-snippet:-1","max-image-preview":"max-image-preview:large","max-video-preview":"max-video-preview:-1"},"canonical":"https:\/\/www.stockx-elektro.de\/index.php\/unsere-leistungen-2\/","og_locale":"de_DE","og_type":"article","og_title":"Unsere Leistungen - Andreas Stockx Elektroservice","og_description":"Haustechnik: \u25cf Alt- und Neubauinstallationen \u25cf Z\u00e4hleranlagen \u25cf Installationen in B\u00fcro- und Gesch\u00e4ftsr\u00e4umen \u25cf Beleuchtungstechnik \u25cf Netzwerktechnik \u25cf Anschluss W\u00e4rmepumpen \u25cf Wallboxen \u25cf Videogegensprechanlagen \u25cf Video\u00fcberwachung \u25cf Kundendienst Solartechnik: Alles aus einer Hand \u25cf Dachmontage \u25cf DC-Verkabelung \u25cf AC-Anschlussarbeiten \u00a0","og_url":"https:\/\/www.stockx-elektro.de\/index.php\/unsere-leistungen-2\/","og_site_name":"Andreas Stockx Elektroservice","article_modified_time":"2025-03-02T12:08:22+00:00","og_image":[{"width":446,"height":218,"url":"https:\/\/www.stockx-elektro.de\/wp-content\/uploads\/2025\/03\/Haustechnik.jpg","type":"image\/jpeg"}],"twitter_card":"summary_large_image","twitter_misc":{"Gesch\u00e4tzte Lesezeit":"1\u00a0Minute"},"schema":{"@context":"https:\/\/schema.org","@graph":[{"@type":"WebPage","@id":"https:\/\/www.stockx-elektro.de\/index.php\/unsere-leistungen-2\/","url":"https:\/\/www.stockx-elektro.de\/index.php\/unsere-leistungen-2\/","name":"Unsere Leistungen - Andreas Stockx Elektroservice","isPartOf":{"@id":"https:\/\/www.stockx-elektro.de\/#website"},"primaryImageOfPage":{"@id":"https:\/\/www.stockx-elektro.de\/index.php\/unsere-leistungen-2\/#primaryimage"},"image":{"@id":"https:\/\/www.stockx-elektro.de\/index.php\/unsere-leistungen-2\/#primaryimage"},"thumbnailUrl":"https:\/\/www.stockx-elektro.de\/wp-content\/uploads\/2025\/03\/Haustechnik-300x147.jpg","datePublished":"2021-04-05T17:50:21+00:00","dateModified":"2025-03-02T12:08:22+00:00","breadcrumb":{"@id":"https:\/\/www.stockx-elektro.de\/index.php\/unsere-leistungen-2\/#breadcrumb"},"inLanguage":"de","potentialAction":[{"@type":"ReadAction","target":["https:\/\/www.stockx-elektro.de\/index.php\/unsere-leistungen-2\/"]}]},{"@type":"ImageObject","inLanguage":"de","@id":"https:\/\/www.stockx-elektro.de\/index.php\/unsere-leistungen-2\/#primaryimage","url":"https:\/\/www.stockx-elektro.de\/wp-content\/uploads\/2025\/03\/Haustechnik.jpg","contentUrl":"https:\/\/www.stockx-elektro.de\/wp-content\/uploads\/2025\/03\/Haustechnik.jpg","width":446,"height":218},{"@type":"BreadcrumbList","@id":"https:\/\/www.stockx-elektro.de\/index.php\/unsere-leistungen-2\/#breadcrumb","itemListElement":[{"@type":"ListItem","position":1,"name":"Home","item":"https:\/\/www.stockx-elektro.de\/"},{"@type":"ListItem","position":2,"name":"Unsere Leistungen"}]},{"@type":"WebSite","@id":"https:\/\/www.stockx-elektro.de\/#website","url":"https:\/\/www.stockx-elektro.de\/","name":"Andreas Stockx Elektroservice","description":"Ihr Elektropartner aus Berghofen in Dortmund und Umgebung!","publisher":{"@id":"https:\/\/www.stockx-elektro.de\/#organization"},"potentialAction":[{"@type":"SearchAction","target":{"@type":"EntryPoint","urlTemplate":"https:\/\/www.stockx-elektro.de\/?s={search_term_string}"},"query-input":{"@type":"PropertyValueSpecification","valueRequired":true,"valueName":"search_term_string"}}],"inLanguage":"de"},{"@type":"Organization","@id":"https:\/\/www.stockx-elektro.de\/#organization","name":"Andreas Stockx Elektroservice","url":"https:\/\/www.stockx-elektro.de\/","logo":{"@type":"ImageObject","inLanguage":"de","@id":"https:\/\/www.stockx-elektro.de\/#\/schema\/logo\/image\/","url":"https:\/\/www.stockx-elektro.de\/wp-content\/uploads\/2021\/02\/cropped-Stockx-Logo.jpg","contentUrl":"https:\/\/www.stockx-elektro.de\/wp-content\/uploads\/2021\/02\/cropped-Stockx-Logo.jpg","width":1423,"height":410,"caption":"Andreas Stockx Elektroservice"},"image":{"@id":"https:\/\/www.stockx-elektro.de\/#\/schema\/logo\/image\/"}}]}},"_links":{"self":[{"href":"https:\/\/www.stockx-elektro.de\/index.php\/wp-json\/wp\/v2\/pages\/134","targetHints":{"allow":["GET"]}}],"collection":[{"href":"https:\/\/www.stockx-elektro.de\/index.php\/wp-json\/wp\/v2\/pages"}],"about":[{"href":"https:\/\/www.stockx-elektro.de\/index.php\/wp-json\/wp\/v2\/types\/page"}],"author":[{"embeddable":true,"href":"https:\/\/www.stockx-elektro.de\/index.php\/wp-json\/wp\/v2\/users\/3"}],"replies":[{"embeddable":true,"href":"https:\/\/www.stockx-elektro.de\/index.php\/wp-json\/wp\/v2\/comments?post=134"}],"version-history":[{"count":3,"href":"https:\/\/www.stockx-elektro.de\/index.php\/wp-json\/wp\/v2\/pages\/134\/revisions"}],"predecessor-version":[{"id":312,"href":"https:\/\/www.stockx-elektro.de\/index.php\/wp-json\/wp\/v2\/pages\/134\/revisions\/312"}],"wp:attachment":[{"href":"https:\/\/www.stockx-elektro.de\/index.php\/wp-json\/wp\/v2\/media?parent=134"}],"curies":[{"name":"wp","href":"https:\/\/api.w.org\/{rel}","templated":true}]}}